{"id":22,"date":"2015-11-18T06:33:08","date_gmt":"2015-11-18T06:33:08","guid":{"rendered":"http:\/\/www.meiabota.com\/wordpress\/?page_id=22"},"modified":"2015-11-23T15:54:39","modified_gmt":"2015-11-23T15:54:39","slug":"sobre-a-meia-bota","status":"publish","type":"page","link":"https:\/\/www.meiabota.com\/index.php\/sobre-a-meia-bota\/","title":{"rendered":"Sobre a Meia Bota"},"content":{"rendered":"<p style=\"text-align: center;\">\n<table id=\"tablepress-2\" class=\"tablepress tablepress-id-2\">\n<tbody>\n<tr class=\"row-1\">\n\t<td class=\"column-1\"><figure id=\"attachment_23\" aria-describedby=\"caption-attachment-23\" style=\"width: 740px\" class=\"wp-caption alignnone\"><a href=\"http:\/\/www.meiabota.com\/wordpress\/wp-content\/uploads\/2015\/11\/escritoriopt.jpg\"><img fetchpriority=\"high\" decoding=\"async\" src=\"http:\/\/www.meiabota.com\/wordpress\/wp-content\/uploads\/2015\/11\/escritoriopt.jpg\" alt=\"Escritorio PT\" width=\"740\" height=\"318\" class=\"size-full wp-image-23\" srcset=\"https:\/\/www.meiabota.com\/wordpress\/wp-content\/uploads\/2015\/11\/escritoriopt.jpg 740w, https:\/\/www.meiabota.com\/wordpress\/wp-content\/uploads\/2015\/11\/escritoriopt-300x129.jpg 300w\" sizes=\"(max-width: 740px) 100vw, 740px\" \/><\/a><figcaption id=\"caption-attachment-23\" class=\"wp-caption-text\">Escritorio de Portugal<\/figcaption><\/figure><\/td><td class=\"column-2\"><figure id=\"attachment_99\" aria-describedby=\"caption-attachment-99\" style=\"width: 440px\" class=\"wp-caption alignnone\"><a href=\"http:\/\/www.meiabota.com\/wordpress\/wp-content\/uploads\/2015\/11\/cais.jpg\"><img decoding=\"async\" src=\"http:\/\/www.meiabota.com\/wordpress\/wp-content\/uploads\/2015\/11\/cais.jpg\" alt=\"Cais de Carga\" width=\"440\" height=\"330\" class=\"size-full wp-image-99\" srcset=\"https:\/\/www.meiabota.com\/wordpress\/wp-content\/uploads\/2015\/11\/cais.jpg 440w, https:\/\/www.meiabota.com\/wordpress\/wp-content\/uploads\/2015\/11\/cais-300x225.jpg 300w, https:\/\/www.meiabota.com\/wordpress\/wp-content\/uploads\/2015\/11\/cais-285x214.jpg 285w\" sizes=\"(max-width: 440px) 100vw, 440px\" \/><\/a><figcaption id=\"caption-attachment-99\" class=\"wp-caption-text\">Cais de Carga<\/figcaption><\/figure><\/td>\n<\/tr>\n<\/tbody>\n<\/table>\n<!-- #tablepress-2 from cache --><\/p>\n<p style=\"text-align: justify;\">A Meia Bota \u00e9 constitu\u00edda por empresas ligadas ao mercado da constru\u00e7\u00e3o civil e imobili\u00e1rio e tem como objectivo enriquecer a capacidade interna de interven\u00e7\u00e3o nas grandes obras,\u00a0 apostando no crescimento sustentado, procurando uma valoriza\u00e7\u00e3o tanto no mercado nacional como internacional.<\/p>\n<p style=\"text-align: justify;\">Criada em 1991 pelo seu s\u00f3cio gerente, transforma-se em 2 de Janeiro de 1992 na empresa Meia Bota Constru\u00e7\u00f5es Lda, especializando-se no sector da cofragem e estruturas de bet\u00e3o armado.<\/p>\n<p style=\"text-align: justify;\">Acompanhando o crescimento do mercado, alargou a sua \u00e1rea de interven\u00e7\u00e3o, acrescentando os transportes e a comercializa\u00e7\u00e3o de materiais de constru\u00e7\u00e3o. Seguiu-se de uma forma natural, a aposta em\u00a0 Investimentos Imobili\u00e1rios, melhorando a sua oferta na venda de im\u00f3veis.<\/p>\n<p style=\"text-align: justify;\">Considerada uma das pioneiras no ramo de constru\u00e7\u00e3o na zona, revelou-se essencial no desenvolvimento local, respondendo \u00e0s necessidades de bem-estar e qualidade de vida n\u00e3o s\u00f3 dos habitantes locais mas tamb\u00e9m de outros que procuram habita\u00e7\u00e3o em ambientes longe da press\u00e3o da cidade.<\/p>\n<p style=\"text-align: justify;\">Paralelamente \u00e0 sua actividade, tem desempenhado um papel social vis\u00edvel, atrav\u00e9s do acompanhamento das tradi\u00e7\u00f5es regionais, patrocinando com apoio financeiro e material os mais variados eventos.<\/p>\n<p style=\"text-align: justify;\">Embora a sua sede se localize nos Foros de Salvaterra, distrito de Santar\u00e9m, a sua actividade estende-se a todo o territ\u00f3rio nacional, colaborando tamb\u00e9m no crescimento de pa\u00edses nossos chegados, como o caso de Angola e Mo\u00e7ambique.<\/p>\n<p style=\"text-align: justify;\">\n","protected":false},"excerpt":{"rendered":"<p>A Meia Bota \u00e9 constitu\u00edda por empresas ligadas ao mercado da constru\u00e7\u00e3o civil e imobili\u00e1rio e tem como objectivo enriquecer a capacidade interna de interven\u00e7\u00e3o nas grandes obras,\u00a0 apostando no crescimento sustentado, procurando uma valoriza\u00e7\u00e3o tanto no mercado nacional como internacional. Criada em 1991 pelo seu s\u00f3cio gerente, transforma-se em 2 de Janeiro de 1992&hellip;&nbsp;<a href=\"https:\/\/www.meiabota.com\/index.php\/sobre-a-meia-bota\/\" rel=\"bookmark\">Read More &raquo;<span class=\"screen-reader-text\">Sobre a Meia Bota<\/span><\/a><\/p>\n","protected":false},"author":1,"featured_media":0,"parent":0,"menu_order":0,"comment_status":"closed","ping_status":"closed","template":"template-fullwidth.php","meta":{"neve_meta_sidebar":"","neve_meta_container":"","neve_meta_enable_content_width":"","neve_meta_content_width":0,"neve_meta_title_alignment":"","neve_meta_author_avatar":"","neve_post_elements_order":"","neve_meta_disable_header":"","neve_meta_disable_footer":"","neve_meta_disable_title":"","footnotes":""},"class_list":["post-22","page","type-page","status-publish","hentry"],"_links":{"self":[{"href":"https:\/\/www.meiabota.com\/index.php\/wp-json\/wp\/v2\/pages\/22","targetHints":{"allow":["GET"]}}],"collection":[{"href":"https:\/\/www.meiabota.com\/index.php\/wp-json\/wp\/v2\/pages"}],"about":[{"href":"https:\/\/www.meiabota.com\/index.php\/wp-json\/wp\/v2\/types\/page"}],"author":[{"embeddable":true,"href":"https:\/\/www.meiabota.com\/index.php\/wp-json\/wp\/v2\/users\/1"}],"replies":[{"embeddable":true,"href":"https:\/\/www.meiabota.com\/index.php\/wp-json\/wp\/v2\/comments?post=22"}],"version-history":[{"count":7,"href":"https:\/\/www.meiabota.com\/index.php\/wp-json\/wp\/v2\/pages\/22\/revisions"}],"predecessor-version":[{"id":183,"href":"https:\/\/www.meiabota.com\/index.php\/wp-json\/wp\/v2\/pages\/22\/revisions\/183"}],"wp:attachment":[{"href":"https:\/\/www.meiabota.com\/index.php\/wp-json\/wp\/v2\/media?parent=22"}],"curies":[{"name":"wp","href":"https:\/\/api.w.org\/{rel}","templated":true}]}}